{"id":1382,"date":"2020-08-03T10:38:44","date_gmt":"2020-08-03T08:38:44","guid":{"rendered":"http:\/\/devbnportail.mediacrossing.fr\/deguster\/conseils-de-degustation\/temperatures-de-degustation\/"},"modified":"2020-10-09T11:15:35","modified_gmt":"2020-10-09T09:15:35","slug":"serving-temperatures","status":"publish","type":"page","link":"https:\/\/www.beaujolais.com\/en\/taste\/tasting-advice\/serving-temperatures\/","title":{"rendered":"Serving temperatures"},"content":{"rendered":"\n<p>Beaujolais wines should not all be drunk at the same temperature. Slight differences in temperature and all five senses on alert are what you need to appreciate the finer points of these wines.&nbsp;<\/p>\n\n\n\n<h2 class=\"wp-block-heading\"><strong>A particular temperature for each Beaujolais wine<\/strong><\/h2>\n\n\n\n<p>To drink a <strong>Beaujolais<\/strong> wine in the best conditions, you should take care to serve it at the right temperature.&nbsp;<\/p>\n\n\n\n<p>The ideal temperature range for Beaujolais and Beaujolais Villages reds is 13\u00b0C to 14\u00b0C on average. Beaujolais crus are best drunk at between 15\u00b0C and 17\u00b0C, especially for the well structured crus like Moulin-\u00e0-Vent, Morgon, Juli\u00e9nas and Ch\u00e9nas; 17\u00b0C is recommended for wines over 3 years old.<\/p>\n\n\n\n<p>Younger wines need to be cooler: Beaujolais Nouveau and Beaujolais Villages Nouveau live up to expectations at 12\u00b0C.&nbsp;<\/p>\n\n\n\n<p>Beaujolais and Beaujolais Villages ros\u00e9s are perfect at between 5\u00b0C and 8\u00b0C while Beaujolais and Beaujolais Villages whites delight your guests when served at between 8\u00b0C and 10\u00b0C.<\/p>\n\n\n\n<h2 class=\"wp-block-heading\"><strong>Avoid the fridge!<\/strong><\/h2>\n\n\n\n<p>Beaujolais likes to be cool, as we have seen, but not cold. Avoid using the fridge for longer than an hour otherwise you will mute the flavours and impede the characteristics of the wine. You need to pander to the wine\u2019s whims and not impair its aromas with a temperature that is too low or even ice cold.&nbsp;<\/p>\n\n\n\n<p>Try to keep it in cool, well-ventilated places, ideally a cellar or a wine cabinet that replicates the ideal conditions of a traditional cellar, in other words between 10\u00b0C and 14\u00b0C. Failing that, put your bottle in the vegetable drawer of your fridge an hour before you want to drink it. Do not under any circumstances use the freezer compartment. Beaujolais wines like to be treated delicately. A sudden decrease in temperature will harm them.<\/p>\n\n\n\n<h2 class=\"wp-block-heading\"><strong>An experience for all the senses<\/strong><\/h2>\n\n\n\n<p>Once they&#8217;ve reached the right temperature, the wines are ready to be drunk. Make sure you have all your senses on alert.<\/p>\n\n\n\n<p>Before taking the first sip, spend a few seconds appraising the robe of your Beaujolais wine. Ruby red, garnet, red cerise for red wines, golden for Beaujolais and Beaujolais Villages whites, shiny pale pink for ros\u00e9s.<\/p>\n\n\n\n<p>Then holding the stem of the glass, swirl the wine lightly around. Smell it and try to identify from memory the aroma of kirsch, spices, peony, iris, red fruits and violet for the reds; white and citrus fruits for the whites; fruity notes for the ros\u00e9s.<\/p>\n\n\n\n<p>Now take an initial sip to arouse your taste buds followed by another to appreciate the red fruit, violet, cinnamon, peony or mature fruit aromas for red wines; floral and mineral flavours for white wines and fruity notes for the ros\u00e9s.<\/p>\n\n\n\n<p>And finally, enjoy drinking your wine! With a good meal and in good company of course!<\/p>\n","protected":false},"excerpt":{"rendered":"<p>Beaujolais wines should not all be drunk at the same temperature. Slight differences in temperature and all five senses on alert are what you need to appreciate the finer points of these wines.&nbsp; A particular temperature for each Beaujolais wine To drink a Beaujolais wine in the best conditions, you should take care to serve [&hellip;]<\/p>\n","protected":false},"author":1,"featured_media":3488,"parent":1379,"menu_order":0,"comment_status":"closed","ping_status":"closed","template":"","meta":{"_acf_changed":false,"footnotes":""},"class_list":["post-1382","page","type-page","status-publish","has-post-thumbnail","hentry"],"acf":[],"_links":{"self":[{"href":"https:\/\/www.beaujolais.com\/en\/wp-json\/wp\/v2\/pages\/1382","targetHints":{"allow":["GET"]}}],"collection":[{"href":"https:\/\/www.beaujolais.com\/en\/wp-json\/wp\/v2\/pages"}],"about":[{"href":"https:\/\/www.beaujolais.com\/en\/wp-json\/wp\/v2\/types\/page"}],"author":[{"embeddable":true,"href":"https:\/\/www.beaujolais.com\/en\/wp-json\/wp\/v2\/users\/1"}],"replies":[{"embeddable":true,"href":"https:\/\/www.beaujolais.com\/en\/wp-json\/wp\/v2\/comments?post=1382"}],"version-history":[{"count":1,"href":"https:\/\/www.beaujolais.com\/en\/wp-json\/wp\/v2\/pages\/1382\/revisions"}],"predecessor-version":[{"id":1970,"href":"https:\/\/www.beaujolais.com\/en\/wp-json\/wp\/v2\/pages\/1382\/revisions\/1970"}],"up":[{"embeddable":true,"href":"https:\/\/www.beaujolais.com\/en\/wp-json\/wp\/v2\/pages\/1379"}],"wp:featuredmedia":[{"embeddable":true,"href":"https:\/\/www.beaujolais.com\/en\/wp-json\/wp\/v2\/media\/3488"}],"wp:attachment":[{"href":"https:\/\/www.beaujolais.com\/en\/wp-json\/wp\/v2\/media?parent=1382"}],"curies":[{"name":"wp","href":"https:\/\/api.w.org\/{rel}","templated":true}]}}