{"id":1398,"date":"2020-06-11T14:16:37","date_gmt":"2020-06-11T12:16:37","guid":{"rendered":"http:\/\/devbnportail.mediacrossing.fr\/mentions-legales\/"},"modified":"2020-10-07T18:25:46","modified_gmt":"2020-10-07T16:25:46","slug":"legal-notice","status":"publish","type":"page","link":"https:\/\/www.beaujolais.com\/en\/legal-notice\/","title":{"rendered":"Legal Notice"},"content":{"rendered":"\n<h2 class=\"wp-block-heading\">Propri\u00e9taire, responsable du site<\/h2>\n\n\n\n<p>Le site <a href=\"https:\/\/www.beaujolais.com\">beaujolais.com <\/a>est \u00e9dit\u00e9 par l\u2019interprofession des vins du Beaujolais, dont le si\u00e8ge social est \u00e9tabli 210 Boulevard Victor Vermorel &#8211; 69400 Villefranche sur Sa\u00f4ne<\/p>\n\n\n\n<h2>Utilisation du site <a href=\"https:\/\/www.beaujolais.com\"><a href=\"https:\/\/www.beaujolaisnouveau.fr\"><a href=\"https:\/\/www.beaujolais.com\">beaujolais.com<\/a><\/a><\/a><\/h2>\n\n\n\n<p>Le simple fait d\u2019acc\u00e9der au site implique que vous acceptiez sans r\u00e9serve les termes et conditions d\u00e9finies ci-dessous. Si vous n\u2019entendez pas souscrire \u00e0 ces conditions, veuillez interrompre votre consultation de cette page et des pages du site.<\/p>\n\n\n\n<p>L\u2019interprofession des vins du Beaujolais se r\u00e9serve le droit de modifier \u00e0 tout instant les pr\u00e9sentes. Il vous est donc conseill\u00e9 de consulter r\u00e9guli\u00e8rement la derni\u00e8re version en vigueur.<br>Certains dangers sont inh\u00e9rents \u00e0 l\u2019utilisation de l\u2019Internet et l\u2019utilisateur est mis en garde quant \u00e0 la n\u00e9cessit\u00e9 de prendre en compte les risques potentiels (toute infection par virus d\u2019ordinateur, tout bogue, tout ralentissement, etc.) avant de proc\u00e9der \u00e0 la consultation du site <a href=\"https:\/\/www.beaujolaisnouveau.fr\"><a href=\"https:\/\/www.beaujolais.com\">beaujolais.com<\/a><\/a><\/p>\n\n\n\n<p>Les utilisateurs du site sont tenus de respecter les dispositions de la loi informatique, fichiers et libert\u00e9s, dont la violation est passible de sanctions p\u00e9nales. Ils doivent notamment s\u2019abstenir, s\u2019agissant des informations nominatives auxquelles ils acc\u00e8dent, de toute collecte, de toute utilisation d\u00e9tourn\u00e9e et, d\u2019une mani\u00e8re g\u00e9n\u00e9rale, de tout acte susceptible de porter atteinte \u00e0 la vie priv\u00e9e ou \u00e0 la r\u00e9putation des personnes.<\/p>\n\n\n\n<p>L\u2019interprofession des vins du Beaujolais ne pourra \u00eatre tenu pour responsable de tout dommage direct et\/ou indirect r\u00e9sultant de l\u2019utilisation faite par le client du site et\/ou de toutes informations qu\u2019il contient.<\/p>\n\n\n\n<p>Le site <a href=\"https:\/\/www.beaujolaisnouveau.fr\"><a href=\"https:\/\/www.beaujolais.com\">beaujolais.com<\/a><\/a> peut renvoyer l\u2019utilisateur \u00e0 d\u2019autres sites Internet par le biais de liens hypertexte. En tout \u00e9tat de cause, l\u2019interprofession des vins du Beaujolais ne saurait \u00eatre responsable du contenu de ces sites, lesquels rel\u00e8vent de l\u2019enti\u00e8re responsabilit\u00e9 de leurs titulaires.<\/p>\n\n\n\n<h2 class=\"wp-block-heading\">Directeur de la publication<\/h2>\n\n\n\n<p>Le directeur de la publication du site <a href=\"https:\/\/www.beaujolaisnouveau.fr\">beaujolais.com<\/a> est C\u00e9cile Bossan-Redon.<\/p>\n\n\n\n<h2 class=\"wp-block-heading\">H\u00e9bergeur<\/h2>\n\n\n\n<p>RMSI<br>110 Avenue Barth\u00e9l\u00e9my Buyer<br>69009 Lyon<\/p>\n\n\n\n<h2 class=\"wp-block-heading\">Mesure d\u2019audience<\/h2>\n\n\n\n<p>Le site que vous visitez est audit\u00e9 par le syst\u00e8me de mesure et d\u2019analyse d\u2019audience Google Analytics et Facebook. La mesure est effectu\u00e9e via un syst\u00e8me de marqueurs distants (utilisant le language Javascript) qui permet de recueillir des donn\u00e9es statistiques sur notre audience afin d\u2019am\u00e9liorer la qualit\u00e9 et l\u2019ergonomie de notre site Internet.<\/p>\n\n\n\n<p>Les mesures sont effectu\u00e9es de mani\u00e8re totalement anonyme et il ne nous est pas possible de conna\u00eetre l\u2019identit\u00e9 de nos visiteurs.<\/p>\n\n\n\n<h2 class=\"wp-block-heading\">Utilisation de cookies<\/h2>\n\n\n\n<p>A l\u2019arriv\u00e9e sur notre site, nous implantons plusieurs \u201ccookies\u201d dans votre ordinateur. Un \u201ccookie\u201d est un petit fichier texte stock\u00e9 par le navigateur web sur le disque dur du visiteur. Le cookie ne permet pas de vous identifier, cependant, il enregistre des informations relatives \u00e0 la navigation de votre ordinateur sur notre site (pages consult\u00e9es, date et heure de consultation,\u2026).<\/p>\n\n\n\n<p>La dur\u00e9e de conservation de ces informations dans votre ordinateur est de 30 jours pour <a href=\"https:\/\/www.beaujolaisnouveau.fr\"><a href=\"https:\/\/www.beaujolais.com\">beaujolais.com<\/a><\/a> et de 4 ans pour Google Analytics.<\/p>\n\n\n\n<p>Nous vous informons que vous pouvez vous opposer \u00e0 l\u2019enregistrement de cookies en configurant votre navigateur.<\/p>\n\n\n\n<p>Conform\u00e9ment \u00e0 l\u2019article 8.1 des conditions d\u2019utilisation du service Google Analytics, nous attirons l\u2019attention de nos visiteurs sur la d\u00e9claration suivante :<\/p>\n\n\n\n<p><em>\u201cCe site utilise Google Analytics, un service d\u2019analyse de site internet fourni par Google Inc. (\u00ab Google \u00bb). Google Analytics utilise des cookies, qui sont des fichiers texte plac\u00e9s sur votre ordinateur, pour aider le site internet \u00e0 analyser l\u2019utilisation du site par ses utilisateurs. Les donn\u00e9es g\u00e9n\u00e9r\u00e9es par les cookies concernant votre utilisation du site (y compris votre adresse IP) seront transmises et stock\u00e9es par Google sur des serveurs situ\u00e9s aux Etats-Unis. Google utilisera cette information dans le but d\u2019\u00e9valuer votre utilisation du site, de compiler des rapports sur l\u2019activit\u00e9 du site \u00e0 destination de son \u00e9diteur et de fournir d\u2019autres services relatifs \u00e0 l\u2019activit\u00e9 du site et \u00e0 l\u2019utilisation d\u2019Internet. Google est susceptible de communiquer ces donn\u00e9es \u00e0 des tiers en cas d\u2019obligation l\u00e9gale ou lorsque ces tiers traitent ces donn\u00e9es pour le compte de Google, y compris notamment l\u2019\u00e9diteur de ce site. Google ne recoupera pas votre adresse IP avec toute autre donn\u00e9e d\u00e9tenue par Google. Vous pouvez d\u00e9sactiver l\u2019utilisation de cookies en s\u00e9lectionnant les param\u00e8tres appropri\u00e9s de votre navigateur. Cependant, une telle d\u00e9sactivation pourrait emp\u00eacher l\u2019utilisation de certaines fonctionnalit\u00e9s de ce site. En utilisant ce site internet, vous consentez express\u00e9ment au traitement de vos donn\u00e9es nominatives par Google dans les conditions et pour les finalit\u00e9s d\u00e9crites ci-dessus.\u201d<\/em><\/p>\n\n\n\n<h2 class=\"wp-block-heading\">Cr\u00e9dits photos<\/h2>\n\n\n\n<p>Les photos pr\u00e9sentes sur ce site sont la propri\u00e9t\u00e9 exclusive de leur auteur. Elles sont prot\u00e9g\u00e9es par le Code de la Propri\u00e9t\u00e9 Intellectuelle et, plus g\u00e9n\u00e9ralement, les trait\u00e9s et accords internationaux comportant des dispositions relatives \u00e0 la protection des droits d&#8217;auteurs.<br>Ces textes interdisent, quel que soit le proc\u00e9d\u00e9 utilis\u00e9, int\u00e9gralement ou partiellement, la repr\u00e9sentation, la reproduction, pour un usage autre que priv\u00e9 ou la modification sans l\u2019autorisation expresse de l\u2019auteur ou de ses ayants cause.<\/p>\n\n\n\n<h2 class=\"wp-block-heading\">Propri\u00e9t\u00e9 intellectuelle \u2013 Droit d\u2019auteurs \u2013 Copyright<\/h2>\n\n\n\n<p>Le contenu de ce site rel\u00e8ve de la l\u00e9gislation fran\u00e7aise et internationale sur le droit d\u2019auteur et la propri\u00e9t\u00e9 intellectuelle.<\/p>\n\n\n\n<p>L\u2019interprofession des vins du Beaujolais conserve tous les droits patrimoniaux et moraux li\u00e9s aux documents de ce site, sous r\u00e9serve des droits dont b\u00e9n\u00e9ficient les auteurs d\u2019oeuvres publi\u00e9es sur ce site. Ainsi, tous les droits de reproduction, sur supports \u00e9lectroniques ou papiers, sont-ils r\u00e9serv\u00e9s, y compris pour les documents t\u00e9l\u00e9chargeables et les repr\u00e9sentations iconographiques et\/ou photographiques.<\/p>\n\n\n\n<p>Les visiteurs du site Internet <a href=\"https:\/\/www.beaujolaisnouveau.fr\"><a href=\"https:\/\/www.beaujolais.com\">beaujolais.com<\/a><\/a> s\u2019interdisent la collecte, la captation, la d\u00e9formation ou l\u2019utilisation, des informations auxquelles ils ont acc\u00e8s.<br>L\u2019interprofession des vins du Beaujolais poursuivra en justice toute tentative de d\u00e9tournement des documentations du site.<\/p>\n\n\n\n<p>Traitement automatis\u00e9 des donn\u00e9es personnelles sur <a href=\"https:\/\/www.beaujolaisnouveau.fr\"><a href=\"https:\/\/www.beaujolais.com\">beaujolais.com<\/a><\/a><\/p>\n\n\n\n<p>Conform\u00e9ment \u00e0 la loi du 6 janvier 1978 modifi\u00e9e par la loi du 6 ao\u00fbt 2004 relative \u00e0 l\u2019informatique, aux fichiers et aux libert\u00e9s, ainsi que son d\u00e9cret d\u2019application du 17 juillet 1978 et \u00e0 l\u2019article 43 de la loi du 30 septembre 1986 modifi\u00e9e, le site a fait l\u2019objet d\u2019une d\u00e9claration aupr\u00e8s de la Commission Nationale Informatique et Libert\u00e9s (CNIL). Le responsable du traitement est le directeur de l\u2019interprofession des vins du Beaujolais (repr\u00e9sent\u00e9e par Monsieur Jean Bourjade). Les donn\u00e9es personnelles collect\u00e9es sont destin\u00e9es \u00e0 fournir \u00e0 l\u2019utilisateur les services propos\u00e9s par l\u2019interprofession des vins du Beaujolais et ne seront pas utilis\u00e9es \u00e0 des fins non pr\u00e9vues par les pr\u00e9sentes mentions l\u00e9gales.<\/p>\n\n\n\n<p>Nous nous engageons \u00e0 prendre toutes les pr\u00e9cautions afin de pr\u00e9server la s\u00e9curit\u00e9 des donn\u00e9es et notamment d\u2019emp\u00eacher qu\u2019elles ne soient d\u00e9form\u00e9es, endommag\u00e9es ou communiqu\u00e9es \u00e0 des tiers.<\/p>\n\n\n\n<h2 class=\"wp-block-heading\">Droit d\u2019acc\u00e8s, de modification, de rectification et de suppression des donn\u00e9es<\/h2>\n\n\n\n<p>Les utilisateurs disposent d\u2019un droit d\u2019acc\u00e8s, de modification, de rectification et de suppression des donn\u00e9es les concernant conform\u00e9ment \u00e0 ce qu\u2019\u00e9noncent les articles 39 et 40 de la loi du 6 janvier 1978 modifi\u00e9e par la loi du 6 ao\u00fbt 2004 ainsi que les recommandations de la LCEN. Pour l\u2019exercer, vous pouvez contacter l\u2019interprofession des vins du Beaujolais par courrier adress\u00e9 \u00e0 :<\/p>\n\n\n\n<p>210 Boulevard Victor Vermorel<br>69400 Villefranche sur Sa\u00f4ne<\/p>\n\n\n\n<p>L\u2019Internet ne permettant pas d\u2019assurer l\u2019int\u00e9grit\u00e9 des messages \u00e9lectroniques (email), l\u2019interprofession des vins du Beaujolais d\u00e9cline toute responsabilit\u00e9 dans le cas o\u00f9 ceux-ci auraient \u00e9t\u00e9 intercept\u00e9s ou modifi\u00e9s par quiconque. Ne divulguez pas d\u2019informations personnelles sensibles. Si vous souhaitez nous communiquer des informations confidentielles, nous vous conseillons d\u2019utiliser la voie postale.<\/p>\n\n\n\n<h2 class=\"wp-block-heading\">Non cession du fichier client<\/h2>\n\n\n\n<p>L\u2019interprofession des vins du Beaujolais est seule destinataire des donn\u00e9es personnelles et ne proc\u00e9dera pas \u00e0 la cession de son fichier client.<\/p>\n\n\n\n<h2 class=\"wp-block-heading\">Accessibilit\u00e9 du site<\/h2>\n\n\n\n<p>L\u2019accessibilit\u00e9 est primordiale dans la consultation d\u2019un site Internet et nous mettons tout en oeuvre afin que le site soit le plus accessible possible.<br>Nous faisons tout notre possible pour respecter les standards Web (XHTML, CSS) \u00e9dit\u00e9s par le World Wide Web Consortium (W3C).<\/p>\n\n\n\n<p><\/p>\n","protected":false},"excerpt":{"rendered":"<p>Propri\u00e9taire, responsable du site Le site beaujolais.com est \u00e9dit\u00e9 par l\u2019interprofession des vins du Beaujolais, dont le si\u00e8ge social est \u00e9tabli 210 Boulevard Victor Vermorel &#8211; 69400 Villefranche sur Sa\u00f4ne Utilisation du site beaujolais.com Le simple fait d\u2019acc\u00e9der au site implique que vous acceptiez sans r\u00e9serve les termes et conditions d\u00e9finies ci-dessous. Si vous n\u2019entendez [&hellip;]<\/p>\n","protected":false},"author":1,"featured_media":0,"parent":0,"menu_order":0,"comment_status":"closed","ping_status":"closed","template":"","meta":{"_acf_changed":false,"footnotes":""},"class_list":["post-1398","page","type-page","status-publish","hentry"],"acf":[],"_links":{"self":[{"href":"https:\/\/www.beaujolais.com\/en\/wp-json\/wp\/v2\/pages\/1398","targetHints":{"allow":["GET"]}}],"collection":[{"href":"https:\/\/www.beaujolais.com\/en\/wp-json\/wp\/v2\/pages"}],"about":[{"href":"https:\/\/www.beaujolais.com\/en\/wp-json\/wp\/v2\/types\/page"}],"author":[{"embeddable":true,"href":"https:\/\/www.beaujolais.com\/en\/wp-json\/wp\/v2\/users\/1"}],"replies":[{"embeddable":true,"href":"https:\/\/www.beaujolais.com\/en\/wp-json\/wp\/v2\/comments?post=1398"}],"version-history":[{"count":3,"href":"https:\/\/www.beaujolais.com\/en\/wp-json\/wp\/v2\/pages\/1398\/revisions"}],"predecessor-version":[{"id":3386,"href":"https:\/\/www.beaujolais.com\/en\/wp-json\/wp\/v2\/pages\/1398\/revisions\/3386"}],"wp:attachment":[{"href":"https:\/\/www.beaujolais.com\/en\/wp-json\/wp\/v2\/media?parent=1398"}],"curies":[{"name":"wp","href":"https:\/\/api.w.org\/{rel}","templated":true}]}}