{"id":10056,"date":"2025-05-12T14:50:12","date_gmt":"2025-05-12T12:50:12","guid":{"rendered":"https:\/\/www.beaujolais.com\/?post_type=product&#038;p=10056"},"modified":"2025-11-17T13:56:29","modified_gmt":"2025-11-17T12:56:29","slug":"pompe-vacuvin","status":"publish","type":"product","link":"https:\/\/www.beaujolais.com\/en\/product\/pompe-vacuvin\/","title":{"rendered":"Pompe &#8220;Vacuvin&#8221;"},"content":{"rendered":"<p>Pompe qui \u00e9vacue l&#8217;air dans la bouteille et permet de pr\u00e9server le vin l\u2019oxydation.<br \/>\nPompe qui fonctionne avec les bouchons herm\u00e9tiques vendus au service mat\u00e9riel promotionnel (r\u00e9f. BEBOU).<br \/>\nMati\u00e8re ABS +silicone. H:13cm &#8211; Diam. 3,7cm<\/p>\n","protected":false},"excerpt":{"rendered":"<p>Pompe qui \u00e9vacue l&#8217;air dans la bouteille et permet de pr\u00e9server le vin l\u2019oxydation.<br \/>\nPompe qui fonctionne avec les bouchons herm\u00e9tiques vendus au service mat\u00e9riel promotionnel (r\u00e9f. BEBOU).<br \/>\nMati\u00e8re ABS +silicone. H:13cm &#8211; Diam. 3,7cm<\/p>\n","protected":false},"featured_media":10074,"template":"","meta":{"_acf_changed":false},"product_brand":[],"product_cat":[58,84,200,205,37,197],"product_tag":[],"class_list":{"0":"post-10056","1":"product","2":"type-product","3":"status-publish","4":"has-post-thumbnail","6":"product_cat-beaujonomie-by-beaujolais","7":"product_cat-bistrot","8":"product_cat-bouchons","9":"product_cat-petit-materiel","10":"product_cat-service-du-vin-idees-cadeaux","11":"product_cat-service-restauration","13":"first","14":"instock","15":"purchasable","16":"product-type-simple"},"acf":[],"_links":{"self":[{"href":"https:\/\/www.beaujolais.com\/en\/wp-json\/wp\/v2\/product\/10056","targetHints":{"allow":["GET"]}}],"collection":[{"href":"https:\/\/www.beaujolais.com\/en\/wp-json\/wp\/v2\/product"}],"about":[{"href":"https:\/\/www.beaujolais.com\/en\/wp-json\/wp\/v2\/types\/product"}],"wp:featuredmedia":[{"embeddable":true,"href":"https:\/\/www.beaujolais.com\/en\/wp-json\/wp\/v2\/media\/10074"}],"wp:attachment":[{"href":"https:\/\/www.beaujolais.com\/en\/wp-json\/wp\/v2\/media?parent=10056"}],"wp:term":[{"taxonomy":"product_brand","embeddable":true,"href":"https:\/\/www.beaujolais.com\/en\/wp-json\/wp\/v2\/product_brand?post=10056"},{"taxonomy":"product_cat","embeddable":true,"href":"https:\/\/www.beaujolais.com\/en\/wp-json\/wp\/v2\/product_cat?post=10056"},{"taxonomy":"product_tag","embeddable":true,"href":"https:\/\/www.beaujolais.com\/en\/wp-json\/wp\/v2\/product_tag?post=10056"}],"curies":[{"name":"wp","href":"https:\/\/api.w.org\/{rel}","templated":true}]}}