{"id":10077,"date":"2025-05-13T16:01:21","date_gmt":"2025-05-13T14:01:21","guid":{"rendered":"https:\/\/www.beaujolais.com\/?post_type=product&#038;p=10077"},"modified":"2026-04-14T11:09:04","modified_gmt":"2026-04-14T09:09:04","slug":"panama-beaujolais","status":"publish","type":"product","link":"https:\/\/www.beaujolais.com\/en\/product\/panama-beaujolais\/","title":{"rendered":"Panama Beaujolais"},"content":{"rendered":"<p>Chapeau de chapellerie traditionnelle. Fabriqu\u00e9 avec fibre v\u00e9g\u00e9tale de cellulose ind\u00e9formable.<br \/>\nBandeau int\u00e9rieur anti-sudation.<\/p>\n<p>Tailles : 55 (S), 56 (M), 57(M), 58(L), 59(L),60(XL), 61 (XL) et 62 (XXL).<br \/>\nPour savoir votre taille :<br \/>\nMesurer autour de votre t\u00eate au milieu du front et niveau de la bosse arri\u00e8re du cr\u00e2ne<br \/>\n(normalement de 0,5 \u00e0 1 cm au-dessus des sourcils et des oreilles).<\/p>\n","protected":false},"excerpt":{"rendered":"<p>Chapeau de chapellerie traditionnelle. Fabriqu\u00e9 avec fibre v\u00e9g\u00e9tale de cellulose ind\u00e9formable.<br \/>\nBandeau int\u00e9rieur anti-sudation.<\/p>\n<p>Tailles : 55 (S), 56 (M), 57(M), 58(L), 59(L),60(XL), 61 (XL) et 62 (XXL).<\/p>\n<p><strong>Pour savoir votre taille :\u00a0<\/strong><br \/>\nMesurer autour de votre t\u00eate au milieu du front et niveau de la bosse arri\u00e8re du cr\u00e2ne<br \/>\n(normalement de 0,5 \u00e0 1 cm au-dessus des sourcils et des oreilles).<\/p>\n<p>&nbsp;<\/p>\n","protected":false},"featured_media":10079,"template":"","meta":{"_acf_changed":false},"product_brand":[],"product_cat":[198,109],"product_tag":[],"class_list":{"0":"post-10077","1":"product","2":"type-product","3":"status-publish","4":"has-post-thumbnail","6":"product_cat-beaujolais-ligne-generale","7":"product_cat-casquette","9":"first","10":"instock","11":"purchasable","12":"product-type-variable"},"acf":[],"_links":{"self":[{"href":"https:\/\/www.beaujolais.com\/en\/wp-json\/wp\/v2\/product\/10077","targetHints":{"allow":["GET"]}}],"collection":[{"href":"https:\/\/www.beaujolais.com\/en\/wp-json\/wp\/v2\/product"}],"about":[{"href":"https:\/\/www.beaujolais.com\/en\/wp-json\/wp\/v2\/types\/product"}],"wp:featuredmedia":[{"embeddable":true,"href":"https:\/\/www.beaujolais.com\/en\/wp-json\/wp\/v2\/media\/10079"}],"wp:attachment":[{"href":"https:\/\/www.beaujolais.com\/en\/wp-json\/wp\/v2\/media?parent=10077"}],"wp:term":[{"taxonomy":"product_brand","embeddable":true,"href":"https:\/\/www.beaujolais.com\/en\/wp-json\/wp\/v2\/product_brand?post=10077"},{"taxonomy":"product_cat","embeddable":true,"href":"https:\/\/www.beaujolais.com\/en\/wp-json\/wp\/v2\/product_cat?post=10077"},{"taxonomy":"product_tag","embeddable":true,"href":"https:\/\/www.beaujolais.com\/en\/wp-json\/wp\/v2\/product_tag?post=10077"}],"curies":[{"name":"wp","href":"https:\/\/api.w.org\/{rel}","templated":true}]}}