{"id":5283,"date":"2022-07-11T09:02:26","date_gmt":"2022-07-11T07:02:26","guid":{"rendered":"https:\/\/www.beaujolais.com\/produit\/poster-40x60cm-beaujolais-nouveaux-2022\/"},"modified":"2022-07-11T09:02:26","modified_gmt":"2022-07-11T07:02:26","slug":"poster-40x60cm-beaujolais-nouveaux-2022","status":"publish","type":"product","link":"https:\/\/www.beaujolais.com\/en\/product\/poster-40x60cm-beaujolais-nouveaux-2022\/","title":{"rendered":"Poster 40x60cm &#8211; Beaujolais Nouveaux 2022"},"content":{"rendered":"<p>Affiche 40&#215;60 cm<\/p>\n<p>A l&#8217;unit\u00e9 ou par paquet de 100<\/p>\n<p><strong>Attention : disponibilit\u00e9 du mat\u00e9riel pour enl\u00e8vement \u00e0 partir du mois de septembre<\/strong><\/p>\n","protected":false},"excerpt":{"rendered":"<p>Poster 40x60cm<\/p>\n<p>Per unit or per pack of 100<\/p>\n<p><strong>Warning : material is to be available in september<\/strong><\/p>\n","protected":false},"featured_media":6675,"template":"","meta":{"_acf_changed":false},"product_brand":[],"product_cat":[124],"product_tag":[],"class_list":{"0":"post-5283","1":"product","2":"type-product","3":"status-publish","4":"has-post-thumbnail","6":"product_cat-beaujolais-nouveaux-en","8":"first","9":"outofstock","10":"purchasable","11":"product-type-variable"},"acf":[],"_links":{"self":[{"href":"https:\/\/www.beaujolais.com\/en\/wp-json\/wp\/v2\/product\/5283","targetHints":{"allow":["GET"]}}],"collection":[{"href":"https:\/\/www.beaujolais.com\/en\/wp-json\/wp\/v2\/product"}],"about":[{"href":"https:\/\/www.beaujolais.com\/en\/wp-json\/wp\/v2\/types\/product"}],"wp:featuredmedia":[{"embeddable":true,"href":"https:\/\/www.beaujolais.com\/en\/wp-json\/wp\/v2\/media\/6675"}],"wp:attachment":[{"href":"https:\/\/www.beaujolais.com\/en\/wp-json\/wp\/v2\/media?parent=5283"}],"wp:term":[{"taxonomy":"product_brand","embeddable":true,"href":"https:\/\/www.beaujolais.com\/en\/wp-json\/wp\/v2\/product_brand?post=5283"},{"taxonomy":"product_cat","embeddable":true,"href":"https:\/\/www.beaujolais.com\/en\/wp-json\/wp\/v2\/product_cat?post=5283"},{"taxonomy":"product_tag","embeddable":true,"href":"https:\/\/www.beaujolais.com\/en\/wp-json\/wp\/v2\/product_tag?post=5283"}],"curies":[{"name":"wp","href":"https:\/\/api.w.org\/{rel}","templated":true}]}}