{"id":6556,"date":"2023-05-22T11:26:17","date_gmt":"2023-05-22T09:26:17","guid":{"rendered":"https:\/\/www.beaujolais.com\/?post_type=product&#038;p=6556"},"modified":"2025-10-01T08:50:45","modified_gmt":"2025-10-01T06:50:45","slug":"couteau-sommelier-beaujolais-nouvelle-generation","status":"publish","type":"product","link":"https:\/\/www.beaujolais.com\/en\/product\/couteau-sommelier-beaujolais-nouvelle-generation\/","title":{"rendered":"Sommeliers Beaujolais"},"content":{"rendered":"<p>Couteaux sommeliers, tire bouchon ou limonadier.<br \/>\nTire-bouchon \u00e0 double levier articul\u00e9 avec manche ergonomique.<br \/>\ncouteau incurv\u00e9 qui s&#8217;ouvre en un mouvement. Ergot associ\u00e9 \u00e0 la micro denture du couteau facilite la d\u00e9coupe sans d\u00e9chirer les capsules.<\/p>\n","protected":false},"excerpt":{"rendered":"<p>Couteaux sommeliers, tire bouchon ou limonadier.<br \/>\nTire-bouchon \u00e0 double levier articul\u00e9 avec manche ergonomique.<br \/>\ncouteau incurv\u00e9 qui s&#8217;ouvre en un mouvement. Ergot associ\u00e9 \u00e0 la micro denture du couteau facilite la d\u00e9coupe sans d\u00e9chirer les capsules.<\/p>\n","protected":false},"featured_media":7467,"template":"","meta":{"_acf_changed":false},"product_brand":[],"product_cat":[58,37,199],"product_tag":[],"class_list":{"0":"post-6556","1":"product","2":"type-product","3":"status-publish","4":"has-post-thumbnail","6":"product_cat-beaujonomie-by-beaujolais","7":"product_cat-service-du-vin-idees-cadeaux","8":"product_cat-sommeliers-et-stop-gouttes","10":"first","11":"instock","12":"purchasable","13":"product-type-simple"},"acf":[],"_links":{"self":[{"href":"https:\/\/www.beaujolais.com\/en\/wp-json\/wp\/v2\/product\/6556","targetHints":{"allow":["GET"]}}],"collection":[{"href":"https:\/\/www.beaujolais.com\/en\/wp-json\/wp\/v2\/product"}],"about":[{"href":"https:\/\/www.beaujolais.com\/en\/wp-json\/wp\/v2\/types\/product"}],"wp:featuredmedia":[{"embeddable":true,"href":"https:\/\/www.beaujolais.com\/en\/wp-json\/wp\/v2\/media\/7467"}],"wp:attachment":[{"href":"https:\/\/www.beaujolais.com\/en\/wp-json\/wp\/v2\/media?parent=6556"}],"wp:term":[{"taxonomy":"product_brand","embeddable":true,"href":"https:\/\/www.beaujolais.com\/en\/wp-json\/wp\/v2\/product_brand?post=6556"},{"taxonomy":"product_cat","embeddable":true,"href":"https:\/\/www.beaujolais.com\/en\/wp-json\/wp\/v2\/product_cat?post=6556"},{"taxonomy":"product_tag","embeddable":true,"href":"https:\/\/www.beaujolais.com\/en\/wp-json\/wp\/v2\/product_tag?post=6556"}],"curies":[{"name":"wp","href":"https:\/\/api.w.org\/{rel}","templated":true}]}}