{"id":6569,"date":"2023-05-22T11:43:08","date_gmt":"2023-05-22T09:43:08","guid":{"rendered":"https:\/\/www.beaujolais.com\/?post_type=product&#038;p=6569"},"modified":"2026-04-01T14:14:39","modified_gmt":"2026-04-01T12:14:39","slug":"ethylotests","status":"publish","type":"product","link":"https:\/\/www.beaujolais.com\/en\/product\/ethylotests\/","title":{"rendered":"\u00c9thylotests"},"content":{"rendered":"<p>La loi d\u2019orientation des mobilit\u00e9s, promulgu\u00e9e le 24 d\u00e9cembre 2019, est venue modifier la r\u00e9glementation relative aux \u00e9thylotests dans les d\u00e9bits de boissons (article L3341-4 du Code de la sant\u00e9 publique). Jusqu\u2019\u00e0 pr\u00e9sent, seuls les d\u00e9bits de boissons \u00e0 consommer sur place fermant entre 2h et 7h du matin (discoth\u00e8ques pour l\u2019essentiel) avaient l\u2019obligation de mettre des \u00e9thylotests \u00e0 disposition du public.\u00a0Dor\u00e9navant, des \u00ab dispositifs de d\u00e9pistage de l\u2019impr\u00e9gnation alcoolique \u00bb doivent \u00e9galement \u00eatre propos\u00e9s \u00e0 la vente dans les d\u00e9bits de boissons \u00e0 emporter.<\/p>\n<p><b><em>Rappel des stocks minimaux exig\u00e9s par la r\u00e9glementation :\u00a0<\/em><br \/>\n<\/b>Au moins 25 \u00e9thylotests pour les d\u00e9bits de boissons &#8220;dans lesquels le lin\u00e9aire de tous les \u00e9talages proposant des boissons alcooliques est sup\u00e9rieur \u00e0 20m lin\u00e9aire&#8221;<br \/>\nAu moins 10 \u00e9thylotests pour les autres d\u00e9bits de boissons et pour les sites de vente en ligne de boissons alcoolis\u00e9es.<\/p>\n<p>Les \u00e9thylotests\u00a0 propos\u00e9s \u00e0 la vente :\u00a0 0,5g et 0,2g (jeunes conducteurs).<\/p>\n<p><em><strong>Date d&#8217;expiration :04\/ 2027<\/strong><\/em><\/p>\n","protected":false},"excerpt":{"rendered":"<p>La loi d\u2019orientation des mobilit\u00e9s, promulgu\u00e9e le 24 d\u00e9cembre 2019, est venue modifier la r\u00e9glementation relative aux \u00e9thylotests dans les d\u00e9bits de boissons (article L3341-4 du Code de la sant\u00e9 publique). Jusqu\u2019\u00e0 pr\u00e9sent, seuls les d\u00e9bits de boissons \u00e0 consommer sur place fermant entre 2h et 7h du matin (discoth\u00e8ques pour l\u2019essentiel) avaient l\u2019obligation de mettre des \u00e9thylotests \u00e0 disposition du public.\u00a0Dor\u00e9navant, des \u00ab dispositifs de d\u00e9pistage de l\u2019impr\u00e9gnation alcoolique \u00bb doivent \u00e9galement \u00eatre propos\u00e9s \u00e0 la vente dans les d\u00e9bits de boissons \u00e0 emporter.<\/p>\n<p><b><em>Rappel des stocks minimaux exig\u00e9s par la r\u00e9glementation :\u00a0<\/em><br \/>\n<\/b>Au moins 25 \u00e9thylotests pour les d\u00e9bits de boissons &#8220;dans lesquels le lin\u00e9aire de tous les \u00e9talages proposant des boissons alcooliques est sup\u00e9rieur \u00e0 20m lin\u00e9aire&#8221;<br \/>\nAu moins 10 \u00e9thylotests pour les autres d\u00e9bits de boissons et pour les sites de vente en ligne de boissons alcoolis\u00e9es.<\/p>\n<p>Les \u00e9thylotests\u00a0 propos\u00e9s \u00e0 la vente :\u00a0 0,5g et 0,2g (jeunes conducteurs).<\/p>\n<p><em><strong>Date d&#8217;expiration :04\/ 2027<\/strong><\/em><\/p>\n","protected":false},"featured_media":7447,"template":"","meta":{"_acf_changed":false},"product_brand":[],"product_cat":[58,205,37,197],"product_tag":[],"class_list":{"0":"post-6569","1":"product","2":"type-product","3":"status-publish","4":"has-post-thumbnail","6":"product_cat-beaujonomie-by-beaujolais","7":"product_cat-petit-materiel","8":"product_cat-service-du-vin-idees-cadeaux","9":"product_cat-service-restauration","11":"first","12":"instock","13":"purchasable","14":"product-type-variable"},"acf":[],"_links":{"self":[{"href":"https:\/\/www.beaujolais.com\/en\/wp-json\/wp\/v2\/product\/6569","targetHints":{"allow":["GET"]}}],"collection":[{"href":"https:\/\/www.beaujolais.com\/en\/wp-json\/wp\/v2\/product"}],"about":[{"href":"https:\/\/www.beaujolais.com\/en\/wp-json\/wp\/v2\/types\/product"}],"wp:featuredmedia":[{"embeddable":true,"href":"https:\/\/www.beaujolais.com\/en\/wp-json\/wp\/v2\/media\/7447"}],"wp:attachment":[{"href":"https:\/\/www.beaujolais.com\/en\/wp-json\/wp\/v2\/media?parent=6569"}],"wp:term":[{"taxonomy":"product_brand","embeddable":true,"href":"https:\/\/www.beaujolais.com\/en\/wp-json\/wp\/v2\/product_brand?post=6569"},{"taxonomy":"product_cat","embeddable":true,"href":"https:\/\/www.beaujolais.com\/en\/wp-json\/wp\/v2\/product_cat?post=6569"},{"taxonomy":"product_tag","embeddable":true,"href":"https:\/\/www.beaujolais.com\/en\/wp-json\/wp\/v2\/product_tag?post=6569"}],"curies":[{"name":"wp","href":"https:\/\/api.w.org\/{rel}","templated":true}]}}