{"id":6575,"date":"2023-05-22T11:57:50","date_gmt":"2023-05-22T09:57:50","guid":{"rendered":"https:\/\/www.beaujolais.com\/?post_type=product&#038;p=6575"},"modified":"2026-02-09T12:26:48","modified_gmt":"2026-02-09T11:26:48","slug":"bouchon-verseur","status":"publish","type":"product","link":"https:\/\/www.beaujolais.com\/en\/product\/bouchon-verseur\/","title":{"rendered":"Bouchon Verseur"},"content":{"rendered":"<p>Bouchon verseur \u00e0 d\u00e9bit r\u00e9duit.<br \/>\nVendus \u00e0 l&#8217;unit\u00e9 ou par sachet de 10<\/p>\n","protected":false},"excerpt":{"rendered":"<p>Bouchon verseur \u00e0 d\u00e9bit r\u00e9duit.<br \/>\nVendus \u00e0 l&#8217;unit\u00e9 ou par sachet de 10<\/p>\n<p>Bouchon r\u00e9utilisable.<\/p>\n","protected":false},"featured_media":6576,"template":"","meta":{"_acf_changed":false},"product_brand":[],"product_cat":[58,200,37],"product_tag":[],"class_list":{"0":"post-6575","1":"product","2":"type-product","3":"status-publish","4":"has-post-thumbnail","6":"product_cat-beaujonomie-by-beaujolais","7":"product_cat-bouchons","8":"product_cat-service-du-vin-idees-cadeaux","10":"first","11":"instock","12":"purchasable","13":"product-type-variable"},"acf":[],"_links":{"self":[{"href":"https:\/\/www.beaujolais.com\/en\/wp-json\/wp\/v2\/product\/6575","targetHints":{"allow":["GET"]}}],"collection":[{"href":"https:\/\/www.beaujolais.com\/en\/wp-json\/wp\/v2\/product"}],"about":[{"href":"https:\/\/www.beaujolais.com\/en\/wp-json\/wp\/v2\/types\/product"}],"wp:featuredmedia":[{"embeddable":true,"href":"https:\/\/www.beaujolais.com\/en\/wp-json\/wp\/v2\/media\/6576"}],"wp:attachment":[{"href":"https:\/\/www.beaujolais.com\/en\/wp-json\/wp\/v2\/media?parent=6575"}],"wp:term":[{"taxonomy":"product_brand","embeddable":true,"href":"https:\/\/www.beaujolais.com\/en\/wp-json\/wp\/v2\/product_brand?post=6575"},{"taxonomy":"product_cat","embeddable":true,"href":"https:\/\/www.beaujolais.com\/en\/wp-json\/wp\/v2\/product_cat?post=6575"},{"taxonomy":"product_tag","embeddable":true,"href":"https:\/\/www.beaujolais.com\/en\/wp-json\/wp\/v2\/product_tag?post=6575"}],"curies":[{"name":"wp","href":"https:\/\/api.w.org\/{rel}","templated":true}]}}