{"id":7400,"date":"2024-03-11T10:56:24","date_gmt":"2024-03-11T09:56:24","guid":{"rendered":"https:\/\/www.beaujolais.com\/?post_type=product&#038;p=7400"},"modified":"2025-10-22T08:55:43","modified_gmt":"2025-10-22T06:55:43","slug":"pompe-bouchon","status":"publish","type":"product","link":"https:\/\/www.beaujolais.com\/en\/product\/pompe-bouchon\/","title":{"rendered":"Bouchon et pompe int\u00e9gr\u00e9e"},"content":{"rendered":"<p>Bouchon deux en 1. Pompe int\u00e9gr\u00e9e qui permet d&#8217;extraire l&#8217;oxyg\u00e8ne de la bouteille. Une fois l&#8217;oxyg\u00e8ne extrait, fermeture du bouchon en un simple tour. Il permettra ainsi la conservation optimale des ar\u00f4mes durant plusieurs jours.<br \/>\nProduit brevet\u00e9.<br \/>\nDim. diam\u00e8tre 4,7cmx10cm &#8211; poids : 70gr<\/p>\n","protected":false},"excerpt":{"rendered":"<p>Bouchon deux en 1. Pompe int\u00e9gr\u00e9e qui permet d&#8217;extraire l&#8217;oxyg\u00e8ne de la bouteille. Une fois l&#8217;oxyg\u00e8ne extrait, fermeture du bouchon en un simple tour. Il permettra ainsi la conservation optimale des ar\u00f4mes durant plusieurs jours.<br \/>\nProduit brevet\u00e9.<br \/>\nDim. diam\u00e8tre 4,7cmx10cm &#8211; poids : 70gr<\/p>\n","protected":false},"featured_media":7433,"template":"","meta":{"_acf_changed":false},"product_brand":[],"product_cat":[200,37],"product_tag":[],"class_list":{"0":"post-7400","1":"product","2":"type-product","3":"status-publish","4":"has-post-thumbnail","6":"product_cat-bouchons","7":"product_cat-service-du-vin-idees-cadeaux","9":"first","10":"instock","11":"purchasable","12":"product-type-simple"},"acf":[],"_links":{"self":[{"href":"https:\/\/www.beaujolais.com\/en\/wp-json\/wp\/v2\/product\/7400","targetHints":{"allow":["GET"]}}],"collection":[{"href":"https:\/\/www.beaujolais.com\/en\/wp-json\/wp\/v2\/product"}],"about":[{"href":"https:\/\/www.beaujolais.com\/en\/wp-json\/wp\/v2\/types\/product"}],"wp:featuredmedia":[{"embeddable":true,"href":"https:\/\/www.beaujolais.com\/en\/wp-json\/wp\/v2\/media\/7433"}],"wp:attachment":[{"href":"https:\/\/www.beaujolais.com\/en\/wp-json\/wp\/v2\/media?parent=7400"}],"wp:term":[{"taxonomy":"product_brand","embeddable":true,"href":"https:\/\/www.beaujolais.com\/en\/wp-json\/wp\/v2\/product_brand?post=7400"},{"taxonomy":"product_cat","embeddable":true,"href":"https:\/\/www.beaujolais.com\/en\/wp-json\/wp\/v2\/product_cat?post=7400"},{"taxonomy":"product_tag","embeddable":true,"href":"https:\/\/www.beaujolais.com\/en\/wp-json\/wp\/v2\/product_tag?post=7400"}],"curies":[{"name":"wp","href":"https:\/\/api.w.org\/{rel}","templated":true}]}}