{"id":7424,"date":"2024-03-11T14:39:55","date_gmt":"2024-03-11T13:39:55","guid":{"rendered":"https:\/\/www.beaujolais.com\/?post_type=product&#038;p=7424"},"modified":"2025-09-23T17:38:37","modified_gmt":"2025-09-23T15:38:37","slug":"verres-lehmann","status":"publish","type":"product","link":"https:\/\/www.beaujolais.com\/en\/product\/verres-lehmann\/","title":{"rendered":"Verres Lehmann"},"content":{"rendered":"<p>Lehmann, collection signature F. Sommier,<br \/>\nMeilleur Ouvrier de France Sommellerie.<br \/>\nPures &amp; pr\u00e9cises les courbes de la collection F. Sommier magnifient avec subtilit\u00e9 la noblesse aromatique des vins.<br \/>\nType de fabrication : souffl\u00e9 machine, Ultralight, cristallin, lavables en machine.<br \/>\nType de vins : verres \u00e0 vins rouges, blancs et ros\u00e9s.<br \/>\nVendus par boite de 6.<br \/>\nS\u00e9rigraphi\u00e9s &#8220;Beaujolais nouvelle g\u00e9n\u00e9ration&#8221;.<\/p>\n<p>&nbsp;<\/p>\n","protected":false},"excerpt":{"rendered":"<p>Lehmann, collection signature F. Sommier,<br \/>\nMeilleur Ouvrier de France Sommellerie.<br \/>\nPures &amp; pr\u00e9cises les courbes de la collection F. Sommier magnifient avec subtilit\u00e9 la noblesse aromatique des vins.<br \/>\nType de fabrication : souffl\u00e9 machine, Ultralight, cristallin, lavables en machine.<br \/>\nType de vins : verres \u00e0 vins rouges, blancs et ros\u00e9s.<br \/>\nVendus par boite de 6.<br \/>\nS\u00e9rigraphi\u00e9s &#8220;Beaujolais nouvelle g\u00e9n\u00e9ration&#8221;.<\/p>\n","protected":false},"featured_media":7562,"template":"","meta":{"_acf_changed":false},"product_brand":[],"product_cat":[197,58,37,202],"product_tag":[],"class_list":{"0":"post-7424","1":"product","2":"type-product","3":"status-publish","4":"has-post-thumbnail","6":"product_cat-service-restauration","7":"product_cat-beaujonomie-by-beaujolais","8":"product_cat-service-du-vin-idees-cadeaux","9":"product_cat-verres","11":"first","12":"instock","13":"purchasable","14":"product-type-variable"},"acf":[],"_links":{"self":[{"href":"https:\/\/www.beaujolais.com\/en\/wp-json\/wp\/v2\/product\/7424","targetHints":{"allow":["GET"]}}],"collection":[{"href":"https:\/\/www.beaujolais.com\/en\/wp-json\/wp\/v2\/product"}],"about":[{"href":"https:\/\/www.beaujolais.com\/en\/wp-json\/wp\/v2\/types\/product"}],"wp:featuredmedia":[{"embeddable":true,"href":"https:\/\/www.beaujolais.com\/en\/wp-json\/wp\/v2\/media\/7562"}],"wp:attachment":[{"href":"https:\/\/www.beaujolais.com\/en\/wp-json\/wp\/v2\/media?parent=7424"}],"wp:term":[{"taxonomy":"product_brand","embeddable":true,"href":"https:\/\/www.beaujolais.com\/en\/wp-json\/wp\/v2\/product_brand?post=7424"},{"taxonomy":"product_cat","embeddable":true,"href":"https:\/\/www.beaujolais.com\/en\/wp-json\/wp\/v2\/product_cat?post=7424"},{"taxonomy":"product_tag","embeddable":true,"href":"https:\/\/www.beaujolais.com\/en\/wp-json\/wp\/v2\/product_tag?post=7424"}],"curies":[{"name":"wp","href":"https:\/\/api.w.org\/{rel}","templated":true}]}}