{"id":7666,"date":"2024-05-07T09:02:30","date_gmt":"2024-05-07T07:02:30","guid":{"rendered":"https:\/\/www.beaujolais.com\/?post_type=product&#038;p=7666"},"modified":"2025-05-28T09:15:08","modified_gmt":"2025-05-28T07:15:08","slug":"sacs-kraft-1-bouteille-lot-de-25","status":"publish","type":"product","link":"https:\/\/www.beaujolais.com\/en\/product\/sacs-kraft-1-bouteille-lot-de-25\/","title":{"rendered":"Sacs Kraft 1 bouteille &#8211; lot de 25"},"content":{"rendered":"<p>Sac kraft robuste, con\u00e7u pour porter 1 bouteille de 75cl. Maintien parfait de la bouteille.<br \/>\nPoign\u00e9es plates en papier tr\u00e8s robuste et agr\u00e9ables \u00e0 prendre en main.<br \/>\nSertissage positionn\u00e9 sur le c\u00f4t\u00e9 avec un seul soufflet de fond.<br \/>\nConsolidation garantie par le pelliculage anti-humidit\u00e9.<br \/>\n<strong>Dim. 23x9x38 cm<\/strong>\u00a0 &#8211; grammage de 100g. Certification FSC.<br \/>\nSac offrant la solidit\u00e9 du plastique\u00a0 \u00e0 un prix attractif.<br \/>\n<strong>Vendus par lot de 25<\/strong> (soit 0,28\u20ac \/sac).<\/p>\n","protected":false},"excerpt":{"rendered":"<p>Sac kraft robuste, con\u00e7u pour porter 1 bouteille de 75cl. Maintien parfait de la bouteille.<br \/>\nPoign\u00e9es plates en papier tr\u00e8s robuste et agr\u00e9ables \u00e0 prendre en main.<br \/>\nSertissage positionn\u00e9 sur le c\u00f4t\u00e9 avec un seul soufflet de fond.<br \/>\nConsolidation garantie par le pelliculage anti-humidit\u00e9.<br \/>\n<strong>Dim. 23x9x38 cm<\/strong>\u00a0 &#8211; grammage de 100g. Certification FSC.<br \/>\nSac offrant la solidit\u00e9 du plastique\u00a0 \u00e0 un prix attractif.<br \/>\n<strong>Vendus par lot de 25<\/strong> (soit 0,28\u20ac \/sac).<\/p>\n","protected":false},"featured_media":7673,"template":"","meta":{"_acf_changed":false},"product_brand":[],"product_cat":[62,37],"product_tag":[],"class_list":{"0":"post-7666","1":"product","2":"type-product","3":"status-publish","4":"has-post-thumbnail","6":"product_cat-emballages","7":"product_cat-service-du-vin-idees-cadeaux","9":"first","10":"instock","11":"purchasable","12":"product-type-simple"},"acf":[],"_links":{"self":[{"href":"https:\/\/www.beaujolais.com\/en\/wp-json\/wp\/v2\/product\/7666","targetHints":{"allow":["GET"]}}],"collection":[{"href":"https:\/\/www.beaujolais.com\/en\/wp-json\/wp\/v2\/product"}],"about":[{"href":"https:\/\/www.beaujolais.com\/en\/wp-json\/wp\/v2\/types\/product"}],"wp:featuredmedia":[{"embeddable":true,"href":"https:\/\/www.beaujolais.com\/en\/wp-json\/wp\/v2\/media\/7673"}],"wp:attachment":[{"href":"https:\/\/www.beaujolais.com\/en\/wp-json\/wp\/v2\/media?parent=7666"}],"wp:term":[{"taxonomy":"product_brand","embeddable":true,"href":"https:\/\/www.beaujolais.com\/en\/wp-json\/wp\/v2\/product_brand?post=7666"},{"taxonomy":"product_cat","embeddable":true,"href":"https:\/\/www.beaujolais.com\/en\/wp-json\/wp\/v2\/product_cat?post=7666"},{"taxonomy":"product_tag","embeddable":true,"href":"https:\/\/www.beaujolais.com\/en\/wp-json\/wp\/v2\/product_tag?post=7666"}],"curies":[{"name":"wp","href":"https:\/\/api.w.org\/{rel}","templated":true}]}}