{"id":7677,"date":"2024-05-07T09:27:54","date_gmt":"2024-05-07T07:27:54","guid":{"rendered":"https:\/\/www.beaujolais.com\/?post_type=product&#038;p=7677"},"modified":"2025-05-28T09:17:59","modified_gmt":"2025-05-28T07:17:59","slug":"sac-kraft-3-bouteilles-lot-de-25","status":"publish","type":"product","link":"https:\/\/www.beaujolais.com\/en\/product\/sac-kraft-3-bouteilles-lot-de-25\/","title":{"rendered":"Sac Kraft 3 bouteilles &#8211; Lot de 25"},"content":{"rendered":"<p>Sac kraft robuste, con\u00e7u pour porter 3 de 75cl. Bouteilles parfaitement maintenues et cal\u00e9es les unes contre les autres.<br \/>\nPoign\u00e9es plates en papier tr\u00e8s robuste et agr\u00e9ables \u00e0 prendre en main. Sertissage positionn\u00e9 sur le c\u00f4t\u00e9 avec un seul soufflet de fond.<br \/>\nConsolidation garantie par le pelliculage anti-humidit\u00e9.<br \/>\nDim. 38x38x9 cm\u00a0 &#8211; grammage de 100g. Certification FSC.<br \/>\nSac offrant la solidit\u00e9 du plastique\u00a0 \u00e0 un prix attractif.<br \/>\n<strong>Vendus par lot de 25<\/strong> (soit 0,34\u20ac \/sac).<\/p>\n","protected":false},"excerpt":{"rendered":"<p>Sac kraft robuste, con\u00e7u pour porter 3 de 75cl. Bouteilles parfaitement maintenues et cal\u00e9es les unes contre les autres.<br \/>\nPoign\u00e9es plates en papier tr\u00e8s robuste et agr\u00e9ables \u00e0 prendre en main. Sertissage positionn\u00e9 sur le c\u00f4t\u00e9 avec un seul soufflet de fond.<br \/>\nConsolidation garantie par le pelliculage anti-humidit\u00e9.<br \/>\nDim. 38x38x9 cm\u00a0 &#8211; grammage de 100g. Certification FSC.<br \/>\nSac offrant la solidit\u00e9 du plastique\u00a0 \u00e0 un prix attractif.<br \/>\n<strong>Vendus par lot de 25<\/strong> (soit 0,34\u20ac \/sac).<\/p>\n","protected":false},"featured_media":7682,"template":"","meta":{"_acf_changed":false},"product_brand":[],"product_cat":[62,37],"product_tag":[],"class_list":{"0":"post-7677","1":"product","2":"type-product","3":"status-publish","4":"has-post-thumbnail","6":"product_cat-emballages","7":"product_cat-service-du-vin-idees-cadeaux","9":"first","10":"instock","11":"purchasable","12":"product-type-simple"},"acf":[],"_links":{"self":[{"href":"https:\/\/www.beaujolais.com\/en\/wp-json\/wp\/v2\/product\/7677","targetHints":{"allow":["GET"]}}],"collection":[{"href":"https:\/\/www.beaujolais.com\/en\/wp-json\/wp\/v2\/product"}],"about":[{"href":"https:\/\/www.beaujolais.com\/en\/wp-json\/wp\/v2\/types\/product"}],"wp:featuredmedia":[{"embeddable":true,"href":"https:\/\/www.beaujolais.com\/en\/wp-json\/wp\/v2\/media\/7682"}],"wp:attachment":[{"href":"https:\/\/www.beaujolais.com\/en\/wp-json\/wp\/v2\/media?parent=7677"}],"wp:term":[{"taxonomy":"product_brand","embeddable":true,"href":"https:\/\/www.beaujolais.com\/en\/wp-json\/wp\/v2\/product_brand?post=7677"},{"taxonomy":"product_cat","embeddable":true,"href":"https:\/\/www.beaujolais.com\/en\/wp-json\/wp\/v2\/product_cat?post=7677"},{"taxonomy":"product_tag","embeddable":true,"href":"https:\/\/www.beaujolais.com\/en\/wp-json\/wp\/v2\/product_tag?post=7677"}],"curies":[{"name":"wp","href":"https:\/\/api.w.org\/{rel}","templated":true}]}}